{"id":711,"date":"2026-04-07T18:32:03","date_gmt":"2026-04-07T16:32:03","guid":{"rendered":"https:\/\/ekero.vansterpartiet.se\/?page_id=711"},"modified":"2026-04-07T18:48:10","modified_gmt":"2026-04-07T16:48:10","slug":"bli-medlem-i-vansterpartiet-ekero","status":"publish","type":"page","link":"https:\/\/ekero.vansterpartiet.se\/?page_id=711","title":{"rendered":"Bli medlem i V\u00e4nsterpartiet Eker\u00f6!"},"content":{"rendered":"<p class=\"uk-article-title\"><strong style=\"font-size: 16px\">Du som medlem \u00e4r hj\u00e4rtat och hj\u00e4rnan hos V\u00e4nsterpartiet i Eker\u00f6. V\u00e5ra medlemmar \u00e4r v\u00e5r viktigaste resurs.<br \/>\n<\/strong><strong style=\"font-size: 16px\">Det \u00e4r bara tillsammans som vi kan f\u00f6r\u00e4ndra samh\u00e4llet till det b\u00e4ttre.\u00a0<\/strong><\/p>\n<div class=\"uk-margin-medium\">\n<h2>Som medlem i<br \/>\nV\u00e4nsterpartiet Eker\u00f6 f\u00e5r du:<\/h2>\n<p>&nbsp;<\/p>\n<ul type=\"disc\">\n<li>Tillsammans med andra vara med och arbeta f\u00f6r solidaritet och r\u00e4ttvisa.<\/li>\n<li>M\u00f6jlighet att direkt p\u00e5verka v\u00e5r politik lokalt i Eker\u00f6 och p\u00e5 nationell niv\u00e5.<\/li>\n<li>Inbjudningar till partifika, bokcirklar och f\u00f6rel\u00e4sningar.<\/li>\n<\/ul>\n<p>Den ordinarie medlemsavgiften \u00e4r 400 kr per \u00e5r, med m\u00f6jlighet till reducerad avgift 150 kr\u00a0 ifall du har mycket l\u00e5g inkomst.<\/p>\n<p><b>F\u00f6rsta \u00e5ret som medlem i V\u00e4nsterpartiet Eker\u00f6 betalar du endast 100 kr. Medlemskapet l\u00f6per per kalender\u00e5r.<\/b><\/p>\n<p>\u00c4r du redo att vara med och skapa ett b\u00e4ttre samh\u00e4lle? V\u00e4lkommen som medlem i V\u00e4nsterpartiet<\/p>\n<p><a href=\"https:\/\/www.vansterpartiet.se\/bli-medlem\"><img decoding=\"async\" src=\"https:\/\/uppsala.vansterpartiet.se\/wp\/files\/2022\/06\/Namnlos-design.png\" \/><\/a><\/p>\n<\/div>\n","protected":false},"excerpt":{"rendered":"<p>Du som medlem \u00e4r hj\u00e4rtat och hj\u00e4rnan hos V\u00e4nsterpartiet i Eker\u00f6. V\u00e5ra medlemmar \u00e4r v\u00e5r viktigaste resurs. Det \u00e4r bara tillsammans som vi kan f\u00f6r\u00e4ndra samh\u00e4llet till det b\u00e4ttre.\u00a0 Som [&hellip;]<\/p>\n","protected":false},"author":1339,"featured_media":0,"parent":0,"menu_order":0,"comment_status":"closed","ping_status":"closed","template":"","meta":{"_acf_changed":false,"footnotes":""},"class_list":["post-711","page","type-page","status-publish","hentry"],"acf":[],"yoast_head":"<!-- This site is optimized with the Yoast SEO plugin v27.2 - https:\/\/yoast.com\/product\/yoast-seo-wordpress\/ -->\n<title>Bli medlem i V\u00e4nsterpartiet Eker\u00f6! - V\u00e4nsterpartiet Eker\u00f6<\/title>\n<meta name=\"robots\" content=\"index, follow, max-snippet:-1, max-image-preview:large, max-video-preview:-1\" \/>\n<link rel=\"canonical\" href=\"https:\/\/ekero.vansterpartiet.se\/?page_id=711\" \/>\n<meta property=\"og:locale\" content=\"sv_SE\" \/>\n<meta property=\"og:type\" content=\"article\" \/>\n<meta property=\"og:title\" content=\"Bli medlem i V\u00e4nsterpartiet Eker\u00f6! - V\u00e4nsterpartiet Eker\u00f6\" \/>\n<meta property=\"og:description\" content=\"Du som medlem \u00e4r hj\u00e4rtat och hj\u00e4rnan hos V\u00e4nsterpartiet i Eker\u00f6. V\u00e5ra medlemmar \u00e4r v\u00e5r viktigaste resurs. Det \u00e4r bara tillsammans som vi kan f\u00f6r\u00e4ndra samh\u00e4llet till det b\u00e4ttre.\u00a0 Som [&hellip;]\" \/>\n<meta property=\"og:url\" content=\"https:\/\/ekero.vansterpartiet.se\/?page_id=711\" \/>\n<meta property=\"og:site_name\" content=\"V\u00e4nsterpartiet Eker\u00f6\" \/>\n<meta property=\"article:modified_time\" content=\"2026-04-07T16:48:10+00:00\" \/>\n<meta property=\"og:image\" content=\"https:\/\/uppsala.vansterpartiet.se\/wp\/files\/2022\/06\/Namnlos-design.png\" \/>\n<meta name=\"twitter:card\" content=\"summary_large_image\" \/>\n<meta name=\"twitter:label1\" content=\"Ber\u00e4knad l\u00e4stid\" \/>\n\t<meta name=\"twitter:data1\" content=\"1 minut\" \/>\n<script type=\"application\/ld+json\" class=\"yoast-schema-graph\">{\"@context\":\"https:\/\/schema.org\",\"@graph\":[{\"@type\":\"WebPage\",\"@id\":\"https:\/\/ekero.vansterpartiet.se\/?page_id=711\",\"url\":\"https:\/\/ekero.vansterpartiet.se\/?page_id=711\",\"name\":\"Bli medlem i V\u00e4nsterpartiet Eker\u00f6! - V\u00e4nsterpartiet Eker\u00f6\",\"isPartOf\":{\"@id\":\"https:\/\/ekero.vansterpartiet.se\/#website\"},\"primaryImageOfPage\":{\"@id\":\"https:\/\/ekero.vansterpartiet.se\/?page_id=711#primaryimage\"},\"image\":{\"@id\":\"https:\/\/ekero.vansterpartiet.se\/?page_id=711#primaryimage\"},\"thumbnailUrl\":\"https:\/\/uppsala.vansterpartiet.se\/wp\/files\/2022\/06\/Namnlos-design.png\",\"datePublished\":\"2026-04-07T16:32:03+00:00\",\"dateModified\":\"2026-04-07T16:48:10+00:00\",\"breadcrumb\":{\"@id\":\"https:\/\/ekero.vansterpartiet.se\/?page_id=711#breadcrumb\"},\"inLanguage\":\"sv-SE\",\"potentialAction\":[{\"@type\":\"ReadAction\",\"target\":[\"https:\/\/ekero.vansterpartiet.se\/?page_id=711\"]}]},{\"@type\":\"ImageObject\",\"inLanguage\":\"sv-SE\",\"@id\":\"https:\/\/ekero.vansterpartiet.se\/?page_id=711#primaryimage\",\"url\":\"https:\/\/uppsala.vansterpartiet.se\/wp\/files\/2022\/06\/Namnlos-design.png\",\"contentUrl\":\"https:\/\/uppsala.vansterpartiet.se\/wp\/files\/2022\/06\/Namnlos-design.png\"},{\"@type\":\"BreadcrumbList\",\"@id\":\"https:\/\/ekero.vansterpartiet.se\/?page_id=711#breadcrumb\",\"itemListElement\":[{\"@type\":\"ListItem\",\"position\":1,\"name\":\"Hem\",\"item\":\"https:\/\/ekero.vansterpartiet.se\/\"},{\"@type\":\"ListItem\",\"position\":2,\"name\":\"Bli medlem i V\u00e4nsterpartiet Eker\u00f6!\"}]},{\"@type\":\"WebSite\",\"@id\":\"https:\/\/ekero.vansterpartiet.se\/#website\",\"url\":\"https:\/\/ekero.vansterpartiet.se\/\",\"name\":\"V\u00e4nsterpartiet Eker\u00f6\",\"description\":\"\",\"potentialAction\":[{\"@type\":\"SearchAction\",\"target\":{\"@type\":\"EntryPoint\",\"urlTemplate\":\"https:\/\/ekero.vansterpartiet.se\/?s={search_term_string}\"},\"query-input\":{\"@type\":\"PropertyValueSpecification\",\"valueRequired\":true,\"valueName\":\"search_term_string\"}}],\"inLanguage\":\"sv-SE\"}]}<\/script>\n<!-- \/ Yoast SEO plugin. -->","yoast_head_json":{"title":"Bli medlem i V\u00e4nsterpartiet Eker\u00f6! - V\u00e4nsterpartiet Eker\u00f6","robots":{"index":"index","follow":"follow","max-snippet":"max-snippet:-1","max-image-preview":"max-image-preview:large","max-video-preview":"max-video-preview:-1"},"canonical":"https:\/\/ekero.vansterpartiet.se\/?page_id=711","og_locale":"sv_SE","og_type":"article","og_title":"Bli medlem i V\u00e4nsterpartiet Eker\u00f6! - V\u00e4nsterpartiet Eker\u00f6","og_description":"Du som medlem \u00e4r hj\u00e4rtat och hj\u00e4rnan hos V\u00e4nsterpartiet i Eker\u00f6. V\u00e5ra medlemmar \u00e4r v\u00e5r viktigaste resurs. Det \u00e4r bara tillsammans som vi kan f\u00f6r\u00e4ndra samh\u00e4llet till det b\u00e4ttre.\u00a0 Som [&hellip;]","og_url":"https:\/\/ekero.vansterpartiet.se\/?page_id=711","og_site_name":"V\u00e4nsterpartiet Eker\u00f6","article_modified_time":"2026-04-07T16:48:10+00:00","og_image":[{"url":"https:\/\/uppsala.vansterpartiet.se\/wp\/files\/2022\/06\/Namnlos-design.png","type":"","width":"","height":""}],"twitter_card":"summary_large_image","twitter_misc":{"Ber\u00e4knad l\u00e4stid":"1 minut"},"schema":{"@context":"https:\/\/schema.org","@graph":[{"@type":"WebPage","@id":"https:\/\/ekero.vansterpartiet.se\/?page_id=711","url":"https:\/\/ekero.vansterpartiet.se\/?page_id=711","name":"Bli medlem i V\u00e4nsterpartiet Eker\u00f6! - V\u00e4nsterpartiet Eker\u00f6","isPartOf":{"@id":"https:\/\/ekero.vansterpartiet.se\/#website"},"primaryImageOfPage":{"@id":"https:\/\/ekero.vansterpartiet.se\/?page_id=711#primaryimage"},"image":{"@id":"https:\/\/ekero.vansterpartiet.se\/?page_id=711#primaryimage"},"thumbnailUrl":"https:\/\/uppsala.vansterpartiet.se\/wp\/files\/2022\/06\/Namnlos-design.png","datePublished":"2026-04-07T16:32:03+00:00","dateModified":"2026-04-07T16:48:10+00:00","breadcrumb":{"@id":"https:\/\/ekero.vansterpartiet.se\/?page_id=711#breadcrumb"},"inLanguage":"sv-SE","potentialAction":[{"@type":"ReadAction","target":["https:\/\/ekero.vansterpartiet.se\/?page_id=711"]}]},{"@type":"ImageObject","inLanguage":"sv-SE","@id":"https:\/\/ekero.vansterpartiet.se\/?page_id=711#primaryimage","url":"https:\/\/uppsala.vansterpartiet.se\/wp\/files\/2022\/06\/Namnlos-design.png","contentUrl":"https:\/\/uppsala.vansterpartiet.se\/wp\/files\/2022\/06\/Namnlos-design.png"},{"@type":"BreadcrumbList","@id":"https:\/\/ekero.vansterpartiet.se\/?page_id=711#breadcrumb","itemListElement":[{"@type":"ListItem","position":1,"name":"Hem","item":"https:\/\/ekero.vansterpartiet.se\/"},{"@type":"ListItem","position":2,"name":"Bli medlem i V\u00e4nsterpartiet Eker\u00f6!"}]},{"@type":"WebSite","@id":"https:\/\/ekero.vansterpartiet.se\/#website","url":"https:\/\/ekero.vansterpartiet.se\/","name":"V\u00e4nsterpartiet Eker\u00f6","description":"","potentialAction":[{"@type":"SearchAction","target":{"@type":"EntryPoint","urlTemplate":"https:\/\/ekero.vansterpartiet.se\/?s={search_term_string}"},"query-input":{"@type":"PropertyValueSpecification","valueRequired":true,"valueName":"search_term_string"}}],"inLanguage":"sv-SE"}]}},"_links":{"self":[{"href":"https:\/\/ekero.vansterpartiet.se\/index.php?rest_route=\/wp\/v2\/pages\/711","targetHints":{"allow":["GET"]}}],"collection":[{"href":"https:\/\/ekero.vansterpartiet.se\/index.php?rest_route=\/wp\/v2\/pages"}],"about":[{"href":"https:\/\/ekero.vansterpartiet.se\/index.php?rest_route=\/wp\/v2\/types\/page"}],"author":[{"embeddable":true,"href":"https:\/\/ekero.vansterpartiet.se\/index.php?rest_route=\/wp\/v2\/users\/1339"}],"replies":[{"embeddable":true,"href":"https:\/\/ekero.vansterpartiet.se\/index.php?rest_route=%2Fwp%2Fv2%2Fcomments&post=711"}],"version-history":[{"count":6,"href":"https:\/\/ekero.vansterpartiet.se\/index.php?rest_route=\/wp\/v2\/pages\/711\/revisions"}],"predecessor-version":[{"id":718,"href":"https:\/\/ekero.vansterpartiet.se\/index.php?rest_route=\/wp\/v2\/pages\/711\/revisions\/718"}],"wp:attachment":[{"href":"https:\/\/ekero.vansterpartiet.se\/index.php?rest_route=%2Fwp%2Fv2%2Fmedia&parent=711"}],"curies":[{"name":"wp","href":"https:\/\/api.w.org\/{rel}","templated":true}]}}