{"id":659,"date":"2026-02-02T19:49:57","date_gmt":"2026-02-02T18:49:57","guid":{"rendered":"https:\/\/ekero.vansterpartiet.se\/?page_id=659"},"modified":"2026-04-08T22:31:03","modified_gmt":"2026-04-08T20:31:03","slug":"styrelsen","status":"publish","type":"page","link":"https:\/\/ekero.vansterpartiet.se\/?page_id=659","title":{"rendered":"F\u00f6rtroendevalda"},"content":{"rendered":"<p>Mikke Lillman<br \/>\nGruppledare\/ordinarie ledamot i fullm\u00e4ktige<\/p>\n<p>Emelie Raine Hannfors<br \/>\nErs\u00e4ttare i fullm\u00e4ktige\/ politisk sekreterar<\/p>\n<h3>Styrelsen<\/h3>\n<p style=\"text-align: left\"><strong>Ordf\u00f6rande: <\/strong>Mikke Lillman<br \/>\n<strong>Kass\u00f6r: <\/strong>Emelie Raine Hannfors<br \/>\n<strong>Ledamot: <\/strong>Annika Spiik<br \/>\n<strong>Ledamot: <\/strong>K\u00e4ll Svensson<br \/>\n<strong>Ledamot:<\/strong>\u00a0 Peter Moderato<\/p>\n<p><strong>Revisor\u00a0<\/strong><br \/>\nMirre Malm<\/p>\n<h3>Valberedning:<\/h3>\n<p>K\u00e4ll Svensson<br \/>\nFaravid Svalfors Af Ugglas<\/p>\n","protected":false},"excerpt":{"rendered":"<p>Mikke Lillman Gruppledare\/ordinarie ledamot i fullm\u00e4ktige Emelie Raine Hannfors Ers\u00e4ttare i fullm\u00e4ktige\/ politisk sekreterar Styrelsen Ordf\u00f6rande: Mikke Lillman Kass\u00f6r: Emelie Raine Hannfors Ledamot: Annika Spiik Ledamot: K\u00e4ll Svensson Ledamot:\u00a0 Peter [&hellip;]<\/p>\n","protected":false},"author":1339,"featured_media":0,"parent":0,"menu_order":0,"comment_status":"closed","ping_status":"closed","template":"","meta":{"_acf_changed":false,"footnotes":""},"class_list":["post-659","page","type-page","status-publish","hentry"],"acf":[],"yoast_head":"<!-- This site is optimized with the Yoast SEO plugin v27.2 - https:\/\/yoast.com\/product\/yoast-seo-wordpress\/ -->\n<title>F\u00f6rtroendevalda - V\u00e4nsterpartiet Eker\u00f6<\/title>\n<meta name=\"robots\" content=\"index, follow, max-snippet:-1, max-image-preview:large, max-video-preview:-1\" \/>\n<link rel=\"canonical\" href=\"https:\/\/ekero.vansterpartiet.se\/?page_id=659\" \/>\n<meta property=\"og:locale\" content=\"sv_SE\" \/>\n<meta property=\"og:type\" content=\"article\" \/>\n<meta property=\"og:title\" content=\"F\u00f6rtroendevalda - V\u00e4nsterpartiet Eker\u00f6\" \/>\n<meta property=\"og:description\" content=\"Mikke Lillman Gruppledare\/ordinarie ledamot i fullm\u00e4ktige Emelie Raine Hannfors Ers\u00e4ttare i fullm\u00e4ktige\/ politisk sekreterar Styrelsen Ordf\u00f6rande: Mikke Lillman Kass\u00f6r: Emelie Raine Hannfors Ledamot: Annika Spiik Ledamot: K\u00e4ll Svensson Ledamot:\u00a0 Peter [&hellip;]\" \/>\n<meta property=\"og:url\" content=\"https:\/\/ekero.vansterpartiet.se\/?page_id=659\" \/>\n<meta property=\"og:site_name\" content=\"V\u00e4nsterpartiet Eker\u00f6\" \/>\n<meta property=\"article:modified_time\" content=\"2026-04-08T20:31:03+00:00\" \/>\n<meta name=\"twitter:card\" content=\"summary_large_image\" \/>\n<meta name=\"twitter:label1\" content=\"Ber\u00e4knad l\u00e4stid\" \/>\n\t<meta name=\"twitter:data1\" content=\"1 minut\" \/>\n<script type=\"application\/ld+json\" class=\"yoast-schema-graph\">{\"@context\":\"https:\/\/schema.org\",\"@graph\":[{\"@type\":\"WebPage\",\"@id\":\"https:\/\/ekero.vansterpartiet.se\/?page_id=659\",\"url\":\"https:\/\/ekero.vansterpartiet.se\/?page_id=659\",\"name\":\"F\u00f6rtroendevalda - V\u00e4nsterpartiet Eker\u00f6\",\"isPartOf\":{\"@id\":\"https:\/\/ekero.vansterpartiet.se\/#website\"},\"datePublished\":\"2026-02-02T18:49:57+00:00\",\"dateModified\":\"2026-04-08T20:31:03+00:00\",\"breadcrumb\":{\"@id\":\"https:\/\/ekero.vansterpartiet.se\/?page_id=659#breadcrumb\"},\"inLanguage\":\"sv-SE\",\"potentialAction\":[{\"@type\":\"ReadAction\",\"target\":[\"https:\/\/ekero.vansterpartiet.se\/?page_id=659\"]}]},{\"@type\":\"BreadcrumbList\",\"@id\":\"https:\/\/ekero.vansterpartiet.se\/?page_id=659#breadcrumb\",\"itemListElement\":[{\"@type\":\"ListItem\",\"position\":1,\"name\":\"Hem\",\"item\":\"https:\/\/ekero.vansterpartiet.se\/\"},{\"@type\":\"ListItem\",\"position\":2,\"name\":\"F\u00f6rtroendevalda\"}]},{\"@type\":\"WebSite\",\"@id\":\"https:\/\/ekero.vansterpartiet.se\/#website\",\"url\":\"https:\/\/ekero.vansterpartiet.se\/\",\"name\":\"V\u00e4nsterpartiet Eker\u00f6\",\"description\":\"\",\"potentialAction\":[{\"@type\":\"SearchAction\",\"target\":{\"@type\":\"EntryPoint\",\"urlTemplate\":\"https:\/\/ekero.vansterpartiet.se\/?s={search_term_string}\"},\"query-input\":{\"@type\":\"PropertyValueSpecification\",\"valueRequired\":true,\"valueName\":\"search_term_string\"}}],\"inLanguage\":\"sv-SE\"}]}<\/script>\n<!-- \/ Yoast SEO plugin. -->","yoast_head_json":{"title":"F\u00f6rtroendevalda - V\u00e4nsterpartiet Eker\u00f6","robots":{"index":"index","follow":"follow","max-snippet":"max-snippet:-1","max-image-preview":"max-image-preview:large","max-video-preview":"max-video-preview:-1"},"canonical":"https:\/\/ekero.vansterpartiet.se\/?page_id=659","og_locale":"sv_SE","og_type":"article","og_title":"F\u00f6rtroendevalda - V\u00e4nsterpartiet Eker\u00f6","og_description":"Mikke Lillman Gruppledare\/ordinarie ledamot i fullm\u00e4ktige Emelie Raine Hannfors Ers\u00e4ttare i fullm\u00e4ktige\/ politisk sekreterar Styrelsen Ordf\u00f6rande: Mikke Lillman Kass\u00f6r: Emelie Raine Hannfors Ledamot: Annika Spiik Ledamot: K\u00e4ll Svensson Ledamot:\u00a0 Peter [&hellip;]","og_url":"https:\/\/ekero.vansterpartiet.se\/?page_id=659","og_site_name":"V\u00e4nsterpartiet Eker\u00f6","article_modified_time":"2026-04-08T20:31:03+00:00","twitter_card":"summary_large_image","twitter_misc":{"Ber\u00e4knad l\u00e4stid":"1 minut"},"schema":{"@context":"https:\/\/schema.org","@graph":[{"@type":"WebPage","@id":"https:\/\/ekero.vansterpartiet.se\/?page_id=659","url":"https:\/\/ekero.vansterpartiet.se\/?page_id=659","name":"F\u00f6rtroendevalda - V\u00e4nsterpartiet Eker\u00f6","isPartOf":{"@id":"https:\/\/ekero.vansterpartiet.se\/#website"},"datePublished":"2026-02-02T18:49:57+00:00","dateModified":"2026-04-08T20:31:03+00:00","breadcrumb":{"@id":"https:\/\/ekero.vansterpartiet.se\/?page_id=659#breadcrumb"},"inLanguage":"sv-SE","potentialAction":[{"@type":"ReadAction","target":["https:\/\/ekero.vansterpartiet.se\/?page_id=659"]}]},{"@type":"BreadcrumbList","@id":"https:\/\/ekero.vansterpartiet.se\/?page_id=659#breadcrumb","itemListElement":[{"@type":"ListItem","position":1,"name":"Hem","item":"https:\/\/ekero.vansterpartiet.se\/"},{"@type":"ListItem","position":2,"name":"F\u00f6rtroendevalda"}]},{"@type":"WebSite","@id":"https:\/\/ekero.vansterpartiet.se\/#website","url":"https:\/\/ekero.vansterpartiet.se\/","name":"V\u00e4nsterpartiet Eker\u00f6","description":"","potentialAction":[{"@type":"SearchAction","target":{"@type":"EntryPoint","urlTemplate":"https:\/\/ekero.vansterpartiet.se\/?s={search_term_string}"},"query-input":{"@type":"PropertyValueSpecification","valueRequired":true,"valueName":"search_term_string"}}],"inLanguage":"sv-SE"}]}},"_links":{"self":[{"href":"https:\/\/ekero.vansterpartiet.se\/index.php?rest_route=\/wp\/v2\/pages\/659","targetHints":{"allow":["GET"]}}],"collection":[{"href":"https:\/\/ekero.vansterpartiet.se\/index.php?rest_route=\/wp\/v2\/pages"}],"about":[{"href":"https:\/\/ekero.vansterpartiet.se\/index.php?rest_route=\/wp\/v2\/types\/page"}],"author":[{"embeddable":true,"href":"https:\/\/ekero.vansterpartiet.se\/index.php?rest_route=\/wp\/v2\/users\/1339"}],"replies":[{"embeddable":true,"href":"https:\/\/ekero.vansterpartiet.se\/index.php?rest_route=%2Fwp%2Fv2%2Fcomments&post=659"}],"version-history":[{"count":8,"href":"https:\/\/ekero.vansterpartiet.se\/index.php?rest_route=\/wp\/v2\/pages\/659\/revisions"}],"predecessor-version":[{"id":664,"href":"https:\/\/ekero.vansterpartiet.se\/index.php?rest_route=\/wp\/v2\/pages\/659\/revisions\/664"}],"wp:attachment":[{"href":"https:\/\/ekero.vansterpartiet.se\/index.php?rest_route=%2Fwp%2Fv2%2Fmedia&parent=659"}],"curies":[{"name":"wp","href":"https:\/\/api.w.org\/{rel}","templated":true}]}}