{"id":649,"date":"2026-02-02T19:45:24","date_gmt":"2026-02-02T18:45:24","guid":{"rendered":"https:\/\/ekero.vansterpartiet.se\/?page_id=649"},"modified":"2026-04-10T22:23:17","modified_gmt":"2026-04-10T20:23:17","slug":"aktuellt","status":"publish","type":"page","link":"https:\/\/ekero.vansterpartiet.se\/?page_id=649","title":{"rendered":"Aktuellt"},"content":{"rendered":"<h2><del><span style=\"color: #ff0000;font-size: 16px\">\u00c5rsm\u00f6te<\/span><\/del><\/h2>\n<p><del><strong>Datum: <\/strong>15 mars<\/del><br \/>\n<del><strong>Tid:\u00a0<\/strong>11-13<\/del><br \/>\n<del><strong>Plats:\u00a0<\/strong>I v\u00e5r lokal p\u00e5 Bryggav\u00e4gen 5, Eker\u00f6<\/del><\/p>\n<p>&nbsp;<\/p>\n<h4><span style=\"color: #ff0000\"><strong>Kommunfullm\u00e4ktige<\/strong><\/span><\/h4>\n<p><strong>Datum:<\/strong> 20 april<\/p>\n<p><strong>Tid:<\/strong> kl 16<\/p>\n<p><strong>Plats:<\/strong> Erskinesalen (Eker\u00f6 centrum) eller h\u00e4r <strong><a href=\"https:\/\/www.youtube.com\/live\/o33EUYvasPs\" rel=\"external\">L\u00e4nk till KF p\u00e5 YouTube <\/a><\/strong><\/p>\n<h4><span style=\"color: #ff0000\">Partifika med Eker\u00f6v\u00e4nstern<\/span><\/h4>\n<p><strong>Datum:<\/strong> 21 april<\/p>\n<p><strong>Tid:<\/strong> kl 18-19<\/p>\n<p><strong>Plats:<\/strong> Eker\u00f6 bageri<\/p>\n<p>&nbsp;<\/p>\n<h4><span style=\"color: #ff0000\">F\u00f6rel\u00e4sning\u00a0 om marknadsskolan med Marcus Larsson<\/span><\/h4>\n<p><strong>Datum:<\/strong> 21 april<\/p>\n<p><strong>Tid:<\/strong> kl 19-20<\/p>\n<p><strong>Plats:<\/strong> Eker\u00f6 bibliotek. Mer info h\u00e4r: <a href=\"https:\/\/bibliotek.ekero.se\/sv\/web\/arena\/evenemang#\/events\/7d6a925d-0783-4bdb-864d-ced3b2ad1816\">\u00c4r marknadsskolan p\u00e5 v\u00e4g att falla?<\/a><\/p>\n<p>&nbsp;<\/p>\n<h3><strong><span style=\"color: #ff0000;font-size: 16px\">Partifika med Eker\u00f6v\u00e4nstern<\/span><\/strong><\/h3>\n<p><strong>Datum: <\/strong>26 april<br \/>\n<strong>Tid:\u00a0<\/strong>13-14<br \/>\n<strong>Plats:\u00a0<\/strong>F\u00e4rings\u00f6 konditori<\/p>\n<p>&nbsp;<\/p>\n<p>&nbsp;<\/p>\n","protected":false},"excerpt":{"rendered":"<p>\u00c5rsm\u00f6te Datum: 15 mars Tid:\u00a011-13 Plats:\u00a0I v\u00e5r lokal p\u00e5 Bryggav\u00e4gen 5, Eker\u00f6 &nbsp; Kommunfullm\u00e4ktige Datum: 20 april Tid: kl 16 Plats: Erskinesalen (Eker\u00f6 centrum) eller h\u00e4r L\u00e4nk till KF p\u00e5 [&hellip;]<\/p>\n","protected":false},"author":1339,"featured_media":0,"parent":0,"menu_order":0,"comment_status":"closed","ping_status":"closed","template":"","meta":{"_acf_changed":false,"footnotes":""},"class_list":["post-649","page","type-page","status-publish","hentry"],"acf":[],"yoast_head":"<!-- This site is optimized with the Yoast SEO plugin v27.2 - https:\/\/yoast.com\/product\/yoast-seo-wordpress\/ -->\n<title>Aktuellt - V\u00e4nsterpartiet Eker\u00f6<\/title>\n<meta name=\"robots\" content=\"index, follow, max-snippet:-1, max-image-preview:large, max-video-preview:-1\" \/>\n<link rel=\"canonical\" href=\"https:\/\/ekero.vansterpartiet.se\/?page_id=649\" \/>\n<meta property=\"og:locale\" content=\"sv_SE\" \/>\n<meta property=\"og:type\" content=\"article\" \/>\n<meta property=\"og:title\" content=\"Aktuellt - V\u00e4nsterpartiet Eker\u00f6\" \/>\n<meta property=\"og:description\" content=\"\u00c5rsm\u00f6te Datum: 15 mars Tid:\u00a011-13 Plats:\u00a0I v\u00e5r lokal p\u00e5 Bryggav\u00e4gen 5, Eker\u00f6 &nbsp; Kommunfullm\u00e4ktige Datum: 20 april Tid: kl 16 Plats: Erskinesalen (Eker\u00f6 centrum) eller h\u00e4r L\u00e4nk till KF p\u00e5 [&hellip;]\" \/>\n<meta property=\"og:url\" content=\"https:\/\/ekero.vansterpartiet.se\/?page_id=649\" \/>\n<meta property=\"og:site_name\" content=\"V\u00e4nsterpartiet Eker\u00f6\" \/>\n<meta property=\"article:modified_time\" content=\"2026-04-10T20:23:17+00:00\" \/>\n<meta name=\"twitter:card\" content=\"summary_large_image\" \/>\n<meta name=\"twitter:label1\" content=\"Ber\u00e4knad l\u00e4stid\" \/>\n\t<meta name=\"twitter:data1\" content=\"1 minut\" \/>\n<script type=\"application\/ld+json\" class=\"yoast-schema-graph\">{\"@context\":\"https:\/\/schema.org\",\"@graph\":[{\"@type\":\"WebPage\",\"@id\":\"https:\/\/ekero.vansterpartiet.se\/?page_id=649\",\"url\":\"https:\/\/ekero.vansterpartiet.se\/?page_id=649\",\"name\":\"Aktuellt - V\u00e4nsterpartiet Eker\u00f6\",\"isPartOf\":{\"@id\":\"https:\/\/ekero.vansterpartiet.se\/#website\"},\"datePublished\":\"2026-02-02T18:45:24+00:00\",\"dateModified\":\"2026-04-10T20:23:17+00:00\",\"breadcrumb\":{\"@id\":\"https:\/\/ekero.vansterpartiet.se\/?page_id=649#breadcrumb\"},\"inLanguage\":\"sv-SE\",\"potentialAction\":[{\"@type\":\"ReadAction\",\"target\":[\"https:\/\/ekero.vansterpartiet.se\/?page_id=649\"]}]},{\"@type\":\"BreadcrumbList\",\"@id\":\"https:\/\/ekero.vansterpartiet.se\/?page_id=649#breadcrumb\",\"itemListElement\":[{\"@type\":\"ListItem\",\"position\":1,\"name\":\"Hem\",\"item\":\"https:\/\/ekero.vansterpartiet.se\/\"},{\"@type\":\"ListItem\",\"position\":2,\"name\":\"Aktuellt\"}]},{\"@type\":\"WebSite\",\"@id\":\"https:\/\/ekero.vansterpartiet.se\/#website\",\"url\":\"https:\/\/ekero.vansterpartiet.se\/\",\"name\":\"V\u00e4nsterpartiet Eker\u00f6\",\"description\":\"\",\"potentialAction\":[{\"@type\":\"SearchAction\",\"target\":{\"@type\":\"EntryPoint\",\"urlTemplate\":\"https:\/\/ekero.vansterpartiet.se\/?s={search_term_string}\"},\"query-input\":{\"@type\":\"PropertyValueSpecification\",\"valueRequired\":true,\"valueName\":\"search_term_string\"}}],\"inLanguage\":\"sv-SE\"}]}<\/script>\n<!-- \/ Yoast SEO plugin. -->","yoast_head_json":{"title":"Aktuellt - V\u00e4nsterpartiet Eker\u00f6","robots":{"index":"index","follow":"follow","max-snippet":"max-snippet:-1","max-image-preview":"max-image-preview:large","max-video-preview":"max-video-preview:-1"},"canonical":"https:\/\/ekero.vansterpartiet.se\/?page_id=649","og_locale":"sv_SE","og_type":"article","og_title":"Aktuellt - V\u00e4nsterpartiet Eker\u00f6","og_description":"\u00c5rsm\u00f6te Datum: 15 mars Tid:\u00a011-13 Plats:\u00a0I v\u00e5r lokal p\u00e5 Bryggav\u00e4gen 5, Eker\u00f6 &nbsp; Kommunfullm\u00e4ktige Datum: 20 april Tid: kl 16 Plats: Erskinesalen (Eker\u00f6 centrum) eller h\u00e4r L\u00e4nk till KF p\u00e5 [&hellip;]","og_url":"https:\/\/ekero.vansterpartiet.se\/?page_id=649","og_site_name":"V\u00e4nsterpartiet Eker\u00f6","article_modified_time":"2026-04-10T20:23:17+00:00","twitter_card":"summary_large_image","twitter_misc":{"Ber\u00e4knad l\u00e4stid":"1 minut"},"schema":{"@context":"https:\/\/schema.org","@graph":[{"@type":"WebPage","@id":"https:\/\/ekero.vansterpartiet.se\/?page_id=649","url":"https:\/\/ekero.vansterpartiet.se\/?page_id=649","name":"Aktuellt - V\u00e4nsterpartiet Eker\u00f6","isPartOf":{"@id":"https:\/\/ekero.vansterpartiet.se\/#website"},"datePublished":"2026-02-02T18:45:24+00:00","dateModified":"2026-04-10T20:23:17+00:00","breadcrumb":{"@id":"https:\/\/ekero.vansterpartiet.se\/?page_id=649#breadcrumb"},"inLanguage":"sv-SE","potentialAction":[{"@type":"ReadAction","target":["https:\/\/ekero.vansterpartiet.se\/?page_id=649"]}]},{"@type":"BreadcrumbList","@id":"https:\/\/ekero.vansterpartiet.se\/?page_id=649#breadcrumb","itemListElement":[{"@type":"ListItem","position":1,"name":"Hem","item":"https:\/\/ekero.vansterpartiet.se\/"},{"@type":"ListItem","position":2,"name":"Aktuellt"}]},{"@type":"WebSite","@id":"https:\/\/ekero.vansterpartiet.se\/#website","url":"https:\/\/ekero.vansterpartiet.se\/","name":"V\u00e4nsterpartiet Eker\u00f6","description":"","potentialAction":[{"@type":"SearchAction","target":{"@type":"EntryPoint","urlTemplate":"https:\/\/ekero.vansterpartiet.se\/?s={search_term_string}"},"query-input":{"@type":"PropertyValueSpecification","valueRequired":true,"valueName":"search_term_string"}}],"inLanguage":"sv-SE"}]}},"_links":{"self":[{"href":"https:\/\/ekero.vansterpartiet.se\/index.php?rest_route=\/wp\/v2\/pages\/649","targetHints":{"allow":["GET"]}}],"collection":[{"href":"https:\/\/ekero.vansterpartiet.se\/index.php?rest_route=\/wp\/v2\/pages"}],"about":[{"href":"https:\/\/ekero.vansterpartiet.se\/index.php?rest_route=\/wp\/v2\/types\/page"}],"author":[{"embeddable":true,"href":"https:\/\/ekero.vansterpartiet.se\/index.php?rest_route=\/wp\/v2\/users\/1339"}],"replies":[{"embeddable":true,"href":"https:\/\/ekero.vansterpartiet.se\/index.php?rest_route=%2Fwp%2Fv2%2Fcomments&post=649"}],"version-history":[{"count":12,"href":"https:\/\/ekero.vansterpartiet.se\/index.php?rest_route=\/wp\/v2\/pages\/649\/revisions"}],"predecessor-version":[{"id":750,"href":"https:\/\/ekero.vansterpartiet.se\/index.php?rest_route=\/wp\/v2\/pages\/649\/revisions\/750"}],"wp:attachment":[{"href":"https:\/\/ekero.vansterpartiet.se\/index.php?rest_route=%2Fwp%2Fv2%2Fmedia&parent=649"}],"curies":[{"name":"wp","href":"https:\/\/api.w.org\/{rel}","templated":true}]}}