{"id":583,"date":"2019-04-08T14:21:00","date_gmt":"2019-04-08T12:21:00","guid":{"rendered":"https:\/\/ekero.vansterpartiet.se\/?page_id=583"},"modified":"2019-04-11T10:21:04","modified_gmt":"2019-04-11T08:21:04","slug":"protokoll","status":"publish","type":"page","link":"https:\/\/ekero.vansterpartiet.se\/?page_id=583","title":{"rendered":"Protokoll"},"content":{"rendered":"<p><a href=\"https:\/\/ekero.vansterpartiet.se\/files\/2019\/04\/\u00c5rsm\u00f6te-2019-1.docx\">\u00c5rsm\u00f6te 2019<\/a><\/p>\n","protected":false},"excerpt":{"rendered":"<p>\u00c5rsm\u00f6te 2019<\/p>\n","protected":false},"author":1339,"featured_media":0,"parent":0,"menu_order":0,"comment_status":"closed","ping_status":"closed","template":"","meta":{"_acf_changed":false,"footnotes":""},"class_list":["post-583","page","type-page","status-publish","hentry"],"acf":[],"yoast_head":"<!-- This site is optimized with the Yoast SEO plugin v27.2 - https:\/\/yoast.com\/product\/yoast-seo-wordpress\/ -->\n<title>Protokoll - V\u00e4nsterpartiet Eker\u00f6<\/title>\n<meta name=\"robots\" content=\"index, follow, max-snippet:-1, max-image-preview:large, max-video-preview:-1\" \/>\n<link rel=\"canonical\" href=\"https:\/\/ekero.vansterpartiet.se\/?page_id=583\" \/>\n<meta property=\"og:locale\" content=\"sv_SE\" \/>\n<meta property=\"og:type\" content=\"article\" \/>\n<meta property=\"og:title\" content=\"Protokoll - V\u00e4nsterpartiet Eker\u00f6\" \/>\n<meta property=\"og:description\" content=\"\u00c5rsm\u00f6te 2019\" \/>\n<meta property=\"og:url\" content=\"https:\/\/ekero.vansterpartiet.se\/?page_id=583\" \/>\n<meta property=\"og:site_name\" content=\"V\u00e4nsterpartiet Eker\u00f6\" \/>\n<meta property=\"article:modified_time\" content=\"2019-04-11T08:21:04+00:00\" \/>\n<meta name=\"twitter:card\" content=\"summary_large_image\" \/>\n<script type=\"application\/ld+json\" class=\"yoast-schema-graph\">{\"@context\":\"https:\/\/schema.org\",\"@graph\":[{\"@type\":\"WebPage\",\"@id\":\"https:\/\/ekero.vansterpartiet.se\/?page_id=583\",\"url\":\"https:\/\/ekero.vansterpartiet.se\/?page_id=583\",\"name\":\"Protokoll - V\u00e4nsterpartiet Eker\u00f6\",\"isPartOf\":{\"@id\":\"https:\/\/ekero.vansterpartiet.se\/#website\"},\"datePublished\":\"2019-04-08T12:21:00+00:00\",\"dateModified\":\"2019-04-11T08:21:04+00:00\",\"breadcrumb\":{\"@id\":\"https:\/\/ekero.vansterpartiet.se\/?page_id=583#breadcrumb\"},\"inLanguage\":\"sv-SE\",\"potentialAction\":[{\"@type\":\"ReadAction\",\"target\":[\"https:\/\/ekero.vansterpartiet.se\/?page_id=583\"]}]},{\"@type\":\"BreadcrumbList\",\"@id\":\"https:\/\/ekero.vansterpartiet.se\/?page_id=583#breadcrumb\",\"itemListElement\":[{\"@type\":\"ListItem\",\"position\":1,\"name\":\"Hem\",\"item\":\"https:\/\/ekero.vansterpartiet.se\/\"},{\"@type\":\"ListItem\",\"position\":2,\"name\":\"Protokoll\"}]},{\"@type\":\"WebSite\",\"@id\":\"https:\/\/ekero.vansterpartiet.se\/#website\",\"url\":\"https:\/\/ekero.vansterpartiet.se\/\",\"name\":\"V\u00e4nsterpartiet Eker\u00f6\",\"description\":\"\",\"potentialAction\":[{\"@type\":\"SearchAction\",\"target\":{\"@type\":\"EntryPoint\",\"urlTemplate\":\"https:\/\/ekero.vansterpartiet.se\/?s={search_term_string}\"},\"query-input\":{\"@type\":\"PropertyValueSpecification\",\"valueRequired\":true,\"valueName\":\"search_term_string\"}}],\"inLanguage\":\"sv-SE\"}]}<\/script>\n<!-- \/ Yoast SEO plugin. -->","yoast_head_json":{"title":"Protokoll - V\u00e4nsterpartiet Eker\u00f6","robots":{"index":"index","follow":"follow","max-snippet":"max-snippet:-1","max-image-preview":"max-image-preview:large","max-video-preview":"max-video-preview:-1"},"canonical":"https:\/\/ekero.vansterpartiet.se\/?page_id=583","og_locale":"sv_SE","og_type":"article","og_title":"Protokoll - V\u00e4nsterpartiet Eker\u00f6","og_description":"\u00c5rsm\u00f6te 2019","og_url":"https:\/\/ekero.vansterpartiet.se\/?page_id=583","og_site_name":"V\u00e4nsterpartiet Eker\u00f6","article_modified_time":"2019-04-11T08:21:04+00:00","twitter_card":"summary_large_image","schema":{"@context":"https:\/\/schema.org","@graph":[{"@type":"WebPage","@id":"https:\/\/ekero.vansterpartiet.se\/?page_id=583","url":"https:\/\/ekero.vansterpartiet.se\/?page_id=583","name":"Protokoll - V\u00e4nsterpartiet Eker\u00f6","isPartOf":{"@id":"https:\/\/ekero.vansterpartiet.se\/#website"},"datePublished":"2019-04-08T12:21:00+00:00","dateModified":"2019-04-11T08:21:04+00:00","breadcrumb":{"@id":"https:\/\/ekero.vansterpartiet.se\/?page_id=583#breadcrumb"},"inLanguage":"sv-SE","potentialAction":[{"@type":"ReadAction","target":["https:\/\/ekero.vansterpartiet.se\/?page_id=583"]}]},{"@type":"BreadcrumbList","@id":"https:\/\/ekero.vansterpartiet.se\/?page_id=583#breadcrumb","itemListElement":[{"@type":"ListItem","position":1,"name":"Hem","item":"https:\/\/ekero.vansterpartiet.se\/"},{"@type":"ListItem","position":2,"name":"Protokoll"}]},{"@type":"WebSite","@id":"https:\/\/ekero.vansterpartiet.se\/#website","url":"https:\/\/ekero.vansterpartiet.se\/","name":"V\u00e4nsterpartiet Eker\u00f6","description":"","potentialAction":[{"@type":"SearchAction","target":{"@type":"EntryPoint","urlTemplate":"https:\/\/ekero.vansterpartiet.se\/?s={search_term_string}"},"query-input":{"@type":"PropertyValueSpecification","valueRequired":true,"valueName":"search_term_string"}}],"inLanguage":"sv-SE"}]}},"_links":{"self":[{"href":"https:\/\/ekero.vansterpartiet.se\/index.php?rest_route=\/wp\/v2\/pages\/583","targetHints":{"allow":["GET"]}}],"collection":[{"href":"https:\/\/ekero.vansterpartiet.se\/index.php?rest_route=\/wp\/v2\/pages"}],"about":[{"href":"https:\/\/ekero.vansterpartiet.se\/index.php?rest_route=\/wp\/v2\/types\/page"}],"author":[{"embeddable":true,"href":"https:\/\/ekero.vansterpartiet.se\/index.php?rest_route=\/wp\/v2\/users\/1339"}],"replies":[{"embeddable":true,"href":"https:\/\/ekero.vansterpartiet.se\/index.php?rest_route=%2Fwp%2Fv2%2Fcomments&post=583"}],"version-history":[{"count":4,"href":"https:\/\/ekero.vansterpartiet.se\/index.php?rest_route=\/wp\/v2\/pages\/583\/revisions"}],"predecessor-version":[{"id":585,"href":"https:\/\/ekero.vansterpartiet.se\/index.php?rest_route=\/wp\/v2\/pages\/583\/revisions\/585"}],"wp:attachment":[{"href":"https:\/\/ekero.vansterpartiet.se\/index.php?rest_route=%2Fwp%2Fv2%2Fmedia&parent=583"}],"curies":[{"name":"wp","href":"https:\/\/api.w.org\/{rel}","templated":true}]}}